{"id":282,"date":"2018-07-02T15:56:05","date_gmt":"2018-07-02T14:56:05","guid":{"rendered":"http:\/\/www.gnration.pt\/?page_id=282"},"modified":"2026-04-15T12:40:34","modified_gmt":"2026-04-15T11:40:34","slug":"ficha-tecnica","status":"publish","type":"page","link":"https:\/\/www.gnration.pt\/en\/informacao\/ficha-tecnica\/","title":{"rendered":"team"},"content":{"rendered":"<p style=\"text-align: justify;\"><strong><span style=\"text-decoration: underline;\"><b>faz cultura &#8211; empresa municipal de cultura de braga, em<\/b><br \/>\n<\/span><\/strong>Faz Cultura is the Braga Municipality Culture Company responsible for managing and programming the Theatro Circo and gnration infrastructures, as well as the Braga Media Arts, UNESCO Creative City for the Media Arts, and Braga 25 projects.<br \/>\nIts mission is to provide a public service in the field of culture promotion and support for artistic creation in the municipality of Braga, promoting access for people who live, work and visit the area to a quality, diverse and inclusive cultural offer, through sustainable and transparent management of cultural spaces and projects.<br \/>\nThrough its activity and in complementarity with the Municipality, Faz Cultura promotes the implementation of a long-term cultural policy for the city, anchored in the Braga Cultural Strategy 2020-2030.<br \/>\nFaz Cultura&#8217;s vision is to be a driving force behind cultural and artistic activity in Braga and the region, as well as to solidify its status as a municipal company of national and international reference in the field of culture. To this end, it is governed by the values of innovation, cooperation, responsibility, transparency and sustainability.<\/p>\n<p style=\"text-align: justify;\"><a href=\"http:\/\/fazcultura.pt\"><span style=\"text-decoration: underline;\">fazcultura.pt<\/span><\/a><\/p>\n<p data-start=\"125\" data-end=\"435\"><strong data-start=\"125\" data-end=\"147\">board of directors<\/strong> Catarina Miranda (Chair), Hortense Santos (Board Member), Nuno Gouveia (Executive Board Member)<br data-start=\"210\" data-end=\"213\" \/><strong data-start=\"213\" data-end=\"233\">general assembly<\/strong> Marta Sousa Mendes (Chair), Altino Bessa (Vice-Chair), Filipe Aguiar (Secretary)<br data-start=\"305\" data-end=\"308\" \/><strong data-start=\"308\" data-end=\"329\">statutory auditor<\/strong> G. Castro, R. Silva, A. Dias &amp; F. Amorim, SROC, Lda.<br data-start=\"380\" data-end=\"383\" \/><strong data-start=\"383\" data-end=\"411\">executive administration<\/strong> Nuno Gouveia<\/p>\n<p data-start=\"125\" data-end=\"435\"><strong data-start=\"437\" data-end=\"459\">artistic direction<\/strong> Lu\u00eds Fernandes<\/p>\n<p data-start=\"437\" data-end=\"634\"><strong>programming<br \/>\n<\/strong><strong data-start=\"477\" data-end=\"486\">music <\/strong>Il\u00eddio Marques<br \/>\n<strong>music, exhibitions, thought <\/strong>Lu\u00eds Fernandes<br \/>\n<strong data-start=\"520\" data-end=\"539\">performing arts<\/strong> Maria In\u00eas Marques<\/p>\n<p data-start=\"437\" data-end=\"634\"><strong>mediation and participation<br \/>\n<\/strong><strong>coordination<\/strong> Sara Borges<br \/>\nCl\u00e1udia Cibr\u00e3o, Natacha Correia, Sofia Menezes<\/p>\n<p data-start=\"636\" data-end=\"1372\"><strong data-start=\"636\" data-end=\"650\">management<\/strong> Diana Magalh\u00e3es (Administrative and Budget Coordination)<br data-start=\"732\" data-end=\"735\" \/><strong data-start=\"735\" data-end=\"786\">public procurement \/ funding \/ internal control<\/strong> Ana Rita Prata, Andr\u00e9 Dantas, Marisa Sousa, Tiago Oliveira<br data-start=\"842\" data-end=\"845\" \/><strong data-start=\"845\" data-end=\"859\">accounting<\/strong> Alice Loureiro, Edgar Silva<br data-start=\"887\" data-end=\"890\" \/><strong data-start=\"890\" data-end=\"912\">project management<\/strong> Hugo Loureiro<br data-start=\"926\" data-end=\"929\" \/><strong data-start=\"929\" data-end=\"966\">commercial and external relations<\/strong> Diana Marques<br data-start=\"983\" data-end=\"986\" data-is-only-node=\"\" \/><strong data-start=\"986\" data-end=\"1013\">people and organization<\/strong>\u00a0<br data-start=\"1041\" data-end=\"1044\" \/><strong data-start=\"1044\" data-end=\"1063\">human resources<\/strong> Rita Machado, Rita Gon\u00e7alves<br data-start=\"1076\" data-end=\"1079\" \/><strong data-start=\"1079\" data-end=\"1108\">organizational efficiency<\/strong> Duarte Meneses<br data-start=\"1123\" data-end=\"1126\" \/><strong data-start=\"1126\" data-end=\"1159\">box office and front of house<\/strong> Rita Santos (Coordination), Cristiana Cerqueira (Technical Support), Catarina Barros, F\u00e1bio Barbosa, Maria Esteves, Miguel Oliveira, Patr\u00edcia Queir\u00f3s, Ricardo Ros\u00e1rio<\/p>\n<p data-start=\"1374\" data-end=\"1738\"><strong data-start=\"1374\" data-end=\"1391\">communication<\/strong> Samuel Silva (Direction)<br data-start=\"1416\" data-end=\"1419\" \/><strong data-start=\"1419\" data-end=\"1479\">institutional communication and communication production<\/strong> Luciana Silva (Coordination), Sara Barbosa<br data-start=\"1522\" data-end=\"1525\" \/><strong data-start=\"1525\" data-end=\"1568\">content, press office and accessibility<\/strong> Nuno Abreu (Coordination), Diogo Rodrigues, Sara Oliveira<br data-start=\"1639\" data-end=\"1642\" \/><strong data-start=\"1642\" data-end=\"1653\">digital<\/strong> Mariana Volz (Coordination), Guilherme Pinto dos Santos, In\u00eas Ven\u00e2ncio, Jos\u00e9 Dantas<\/p>\n<p><span style=\"text-decoration: underline;\"><strong><br \/>\ngnration<br \/>\n<\/strong><\/span><strong data-start=\"1740\" data-end=\"1775\">general coordination<\/strong> Lu\u00eds Passos<br data-start=\"1787\" data-end=\"1790\" \/><strong data-start=\"1790\" data-end=\"1815\">production<\/strong> Francisco Novais, Marta Lima, Tiago Lopes<br data-start=\"1857\" data-end=\"1860\" \/><strong data-start=\"1860\" data-end=\"1909\">technical and logistics department<\/strong> Ricardo Miranda (Coordination), M\u00e1rcio Ferreira, Nuno Fernandes, Tiago Rosendo<br data-start=\"1988\" data-end=\"1991\" \/><strong data-start=\"1991\" data-end=\"2014\">cleaning<\/strong> Maria Silva, Cristina Melo<br data-start=\"2041\" data-end=\"2044\" \/><strong data-start=\"2044\" data-end=\"2062\">graphic design<\/strong> dobra<\/p>\n<p data-start=\"2070\" data-end=\"2410\"><strong data-start=\"2070\" data-end=\"2127\"><span style=\"text-decoration: underline;\">braga media arts<\/span><br \/>\ngeneral and executive coordination<\/strong> Joana Miranda<br data-start=\"2141\" data-end=\"2144\" \/><strong data-start=\"2144\" data-end=\"2214\">artistic direction and programming coordination<\/strong> Lu\u00eds Fernandes<br data-start=\"2229\" data-end=\"2232\" \/><strong data-start=\"934\" data-end=\"977\">cultural programming<\/strong> Sara Borges<br data-start=\"2278\" data-end=\"2281\" \/><strong data-start=\"2281\" data-end=\"2353\">production and international cooperation projects<\/strong> Maria Tavares<\/p>\n","protected":false},"excerpt":{"rendered":"<p>faz cultura &#8211; empresa municipal de cultura de braga, em Faz Cultura is the Braga Municipality Culture Company responsible for managing and programming the Theatro Circo and gnration infrastructures, as well as the Braga Media Arts, UNESCO Creative City for the Media Arts, and Braga 25 projects. Its mission is to provide a public service <a class=\"read-more\" href=\"https:\/\/www.gnration.pt\/en\/informacao\/ficha-tecnica\/\" title=\"Learn More\">Learn More<\/a><\/p>\n","protected":false},"author":348,"featured_media":0,"parent":60,"menu_order":5,"comment_status":"closed","ping_status":"closed","template":"","meta":{"_monsterinsights_skip_tracking":false,"_monsterinsights_sitenote_active":false,"_monsterinsights_sitenote_note":"","_monsterinsights_sitenote_category":0,"footnotes":""},"class_list":["post-282","page","type-page","status-publish","hentry"],"acf":[],"_links":{"self":[{"href":"https:\/\/www.gnration.pt\/en\/wp-json\/wp\/v2\/pages\/282","targetHints":{"allow":["GET"]}}],"collection":[{"href":"https:\/\/www.gnration.pt\/en\/wp-json\/wp\/v2\/pages"}],"about":[{"href":"https:\/\/www.gnration.pt\/en\/wp-json\/wp\/v2\/types\/page"}],"author":[{"embeddable":true,"href":"https:\/\/www.gnration.pt\/en\/wp-json\/wp\/v2\/users\/348"}],"replies":[{"embeddable":true,"href":"https:\/\/www.gnration.pt\/en\/wp-json\/wp\/v2\/comments?post=282"}],"version-history":[{"count":51,"href":"https:\/\/www.gnration.pt\/en\/wp-json\/wp\/v2\/pages\/282\/revisions"}],"predecessor-version":[{"id":626,"href":"https:\/\/www.gnration.pt\/en\/wp-json\/wp\/v2\/pages\/282\/revisions\/626"}],"up":[{"embeddable":true,"href":"https:\/\/www.gnration.pt\/en\/wp-json\/wp\/v2\/pages\/60"}],"wp:attachment":[{"href":"https:\/\/www.gnration.pt\/en\/wp-json\/wp\/v2\/media?parent=282"}],"curies":[{"name":"wp","href":"https:\/\/api.w.org\/{rel}","templated":true}]}}