{"id":4563,"date":"2025-01-29T12:47:58","date_gmt":"2025-01-29T12:47:58","guid":{"rendered":"https:\/\/www.gnration.pt\/en\/?page_id=4563"},"modified":"2026-04-21T12:48:08","modified_gmt":"2026-04-21T11:48:08","slug":"soul-alimentacao-saudavel-e-do-bem","status":"publish","type":"page","link":"https:\/\/www.gnration.pt\/en\/gnration-plus\/soul-alimentacao-saudavel-e-do-bem\/","title":{"rendered":"soul &#8211; alimenta\u00e7\u00e3o saud\u00e1vel e do bem"},"content":{"rendered":"<p>Soul do Bem is more than just a bakery, it&#8217;s a haven for lovers of healthy eating and specialty coffee. Our products are made with fresh, high-quality ingredients, designed to meet the needs of those who choose a plant-based and gluten-free lifestyle. At Soul we make a point of cooking with the best fresh, organic, ecological and sustainable products and, to this end, it is important for us to work with local suppliers.<\/p>\n<p>In addition, we work hard to combat food waste through our TASTE WITHOUT WASTE project, with the aim of preventing any product from being left behind. The idea is to sell them at a reduced price to our customers, sharing them via a WhatsApp group and on social media. We try to use reusable and sustainable materials, such as our takeaway packaging, compostable cups, paper boxes, starch cutlery or wood. A small step to help make the planet greener!<\/p>\n<p><strong>opening hours<\/strong><br \/>\n<strong>mon\u2013fri<\/strong> 9.30am\u20135.30pm<br \/>\n<strong>sat<\/strong> 10.00am\u20136.00pm<\/p>\n<p><a href=\"http:\/\/facebook.com\/soulalimentacaosaudaveledobem\">facebook<\/a><br \/>\n<a href=\"http:\/\/instagram.com\/soul.dobem\">instagram<\/a><\/p>\n","protected":false},"excerpt":{"rendered":"<p>Soul do Bem is more than just a bakery, it&#8217;s a haven for lovers of healthy eating and specialty coffee. Our products are made with fresh, high-quality ingredients, designed to meet the needs of those who choose a plant-based and gluten-free lifestyle. At Soul we make a point of cooking with the best fresh, organic, <a class=\"read-more\" href=\"https:\/\/www.gnration.pt\/en\/gnration-plus\/soul-alimentacao-saudavel-e-do-bem\/\" title=\"Learn More\">Learn More<\/a><\/p>\n","protected":false},"author":348,"featured_media":5685,"parent":413,"menu_order":0,"comment_status":"closed","ping_status":"closed","template":"","meta":{"_monsterinsights_skip_tracking":false,"_monsterinsights_sitenote_active":false,"_monsterinsights_sitenote_note":"","_monsterinsights_sitenote_category":0,"footnotes":""},"class_list":["post-4563","page","type-page","status-publish","has-post-thumbnail","hentry"],"acf":[],"_links":{"self":[{"href":"https:\/\/www.gnration.pt\/en\/wp-json\/wp\/v2\/pages\/4563","targetHints":{"allow":["GET"]}}],"collection":[{"href":"https:\/\/www.gnration.pt\/en\/wp-json\/wp\/v2\/pages"}],"about":[{"href":"https:\/\/www.gnration.pt\/en\/wp-json\/wp\/v2\/types\/page"}],"author":[{"embeddable":true,"href":"https:\/\/www.gnration.pt\/en\/wp-json\/wp\/v2\/users\/348"}],"replies":[{"embeddable":true,"href":"https:\/\/www.gnration.pt\/en\/wp-json\/wp\/v2\/comments?post=4563"}],"version-history":[{"count":11,"href":"https:\/\/www.gnration.pt\/en\/wp-json\/wp\/v2\/pages\/4563\/revisions"}],"predecessor-version":[{"id":5687,"href":"https:\/\/www.gnration.pt\/en\/wp-json\/wp\/v2\/pages\/4563\/revisions\/5687"}],"up":[{"embeddable":true,"href":"https:\/\/www.gnration.pt\/en\/wp-json\/wp\/v2\/pages\/413"}],"wp:featuredmedia":[{"embeddable":true,"href":"https:\/\/www.gnration.pt\/en\/wp-json\/wp\/v2\/media\/5685"}],"wp:attachment":[{"href":"https:\/\/www.gnration.pt\/en\/wp-json\/wp\/v2\/media?parent=4563"}],"curies":[{"name":"wp","href":"https:\/\/api.w.org\/{rel}","templated":true}]}}